{"id":12790,"date":"2024-11-29T11:40:10","date_gmt":"2024-11-29T10:40:10","guid":{"rendered":"https:\/\/dis-sensors.com\/?page_id=12790"},"modified":"2025-08-22T09:30:51","modified_gmt":"2025-08-22T07:30:51","slug":"klantcase-overview","status":"publish","type":"page","link":"https:\/\/dis-sensors.com\/de\/klantcase-overview\/","title":{"rendered":"Klantcase &#8211; Overview"},"content":{"rendered":"\t\t<div data-elementor-type=\"wp-page\" data-elementor-id=\"12790\" class=\"elementor elementor-12790 elementor-5303\" data-elementor-post-type=\"page\">\n\t\t\t\t<div class=\"elementor-element elementor-element-20bcdfd e-flex e-con-boxed e-con e-parent\" data-id=\"20bcdfd\" data-element_type=\"container\" data-e-type=\"container\">\n\t\t\t\t\t<div class=\"e-con-inner\">\n\t\t\t\t<div class=\"elementor-element elementor-element-a8c5ea5 elementor-widget elementor-widget-heading\" data-id=\"a8c5ea5\" data-element_type=\"widget\" data-e-type=\"widget\" data-widget_type=\"heading.default\">\n\t\t\t\t<div class=\"elementor-widget-container\">\n\t\t\t\t\t<h1 class=\"elementor-heading-title elementor-size-default\">Kundenf\u00e4lle<\/h1>\t\t\t\t<\/div>\n\t\t\t\t<\/div>\n\t\t<div class=\"elementor-element elementor-element-656fa4e e-con-full e-flex e-con e-child\" data-id=\"656fa4e\" data-element_type=\"container\" data-e-type=\"container\">\n\t\t\t\t<\/div>\n\t\t\t\t<div class=\"elementor-element elementor-element-4826989 elementor-widget-divider--view-line elementor-widget elementor-widget-divider\" data-id=\"4826989\" data-element_type=\"widget\" data-e-type=\"widget\" data-widget_type=\"divider.default\">\n\t\t\t\t<div class=\"elementor-widget-container\">\n\t\t\t\t\t\t\t<div class=\"elementor-divider\">\n\t\t\t<span class=\"elementor-divider-separator\">\n\t\t\t\t\t\t<\/span>\n\t\t<\/div>\n\t\t\t\t\t\t<\/div>\n\t\t\t\t<\/div>\n\t\t\t\t\t<\/div>\n\t\t\t\t<\/div>\n\t\t<div class=\"elementor-element elementor-element-e04652d e-flex e-con-boxed e-con e-parent\" data-id=\"e04652d\" data-element_type=\"container\" data-e-type=\"container\">\n\t\t\t\t\t<div class=\"e-con-inner\">\n\t\t\t\t<div class=\"elementor-element elementor-element-ac2e5ae pf-defaultpost-featured elementor-widget elementor-widget-shortcode\" data-id=\"ac2e5ae\" data-element_type=\"widget\" data-e-type=\"widget\" data-widget_type=\"shortcode.default\">\n\t\t\t\t<div class=\"elementor-widget-container\">\n\t\t\t\t\t\t\t<div class=\"elementor-shortcode\"><div class=\"pf-defaultpost-container\"><article><div class=\"pf-defaultpost-left\"><p class=\"pf-thema\">Erfolgsgeschichte<\/p><h3><a href=\"https:\/\/dis-sensors.com\/de\/klantcases\/gemeinsame-werte-die-grundlage-der-partnerschaft-zwischen-dis-sensors-und-stigab\/\">Gemeinsame Werte: die Grundlage der Partnerschaft zwischen DIS Sensors und STIGAB<\/a><\/h3><p class=\"pf-excerpt\">Seit 2018 pflegen DIS Sensors und STIGAB eine starke und fruchtbare Zusammenarbeit. Ihre gemeinsamen Werte und ihr gegenseitiger Respekt unterstreichen die St\u00e4rke einer Zusammenarbeit mit gemeinsamen Zielen. Ihre Partnerschaft begann mit einer einfachen, aber bedeutungsvollen Begegnung auf der SPS-Messe in...<\/p><a class=\"pf-read-more\" href=\"https:\/\/dis-sensors.com\/de\/klantcases\/gemeinsame-werte-die-grundlage-der-partnerschaft-zwischen-dis-sensors-und-stigab\/\">Weiterlesen <svg xmlns=\"http:\/\/www.w3.org\/2000\/svg\" width=\"15\" height=\"16\" viewBox=\"0 0 15 16\" fill=\"none\"><path d=\"M0.689267 13.7301C0.305317 14.1271 0.315889 14.7602 0.712878 15.1442C1.10987 15.5281 1.74295 15.5175 2.12689 15.1206L0.689267 13.7301ZM2.12689 15.1206L14.5554 2.26991L13.1178 0.879504L0.689267 13.7301L2.12689 15.1206Z\" fill=\"#D1541E\"><\/path><path d=\"M13.9999 13.9382V1.57471H2.04102\" stroke=\"#D1541E\" stroke-width=\"2\" stroke-linecap=\"round\" stroke-linejoin=\"round\"><\/path><\/svg><\/a><\/div><div class=\"pf-defaultpost-right\"><a class=\"pf-thumbnail\" href=\"https:\/\/dis-sensors.com\/de\/klantcases\/gemeinsame-werte-die-grundlage-der-partnerschaft-zwischen-dis-sensors-und-stigab\/\"><img decoding=\"async\" src=\"https:\/\/dis-sensors.com\/wp-content\/uploads\/stigab-logo-2024-gold.png\" alt=\"\"><\/a><\/div><\/article><\/div><\/div>\n\t\t\t\t\t\t<\/div>\n\t\t\t\t<\/div>\n\t\t\t\t\t<\/div>\n\t\t\t\t<\/div>\n\t\t<div class=\"elementor-element elementor-element-49e4990 e-flex e-con-boxed e-con e-parent\" data-id=\"49e4990\" data-element_type=\"container\" data-e-type=\"container\">\n\t\t\t\t\t<div class=\"e-con-inner\">\n\t\t\t\t<div class=\"elementor-element elementor-element-e58a930 elementor-widget elementor-widget-shortcode\" data-id=\"e58a930\" data-element_type=\"widget\" data-e-type=\"widget\" data-widget_type=\"shortcode.default\">\n\t\t\t\t<div class=\"elementor-widget-container\">\n\t\t\t\t\t\t\t<div class=\"elementor-shortcode\"><div class=\"pf-defaultpost-container\"><article class=\"pf-shadow\"><a class=\"pf-thumbnail\" href=\"https:\/\/dis-sensors.com\/de\/klantcases\/gemeinsame-werte-die-grundlage-der-partnerschaft-zwischen-dis-sensors-und-stigab\/\"><img decoding=\"async\" src=\"https:\/\/dis-sensors.com\/wp-content\/uploads\/stigab-logo-2024-gold.png\" alt=\"\"><\/a><p class=\"pf-thema\">Erfolgsgeschichte<\/p><h3><a href=\"https:\/\/dis-sensors.com\/de\/klantcases\/gemeinsame-werte-die-grundlage-der-partnerschaft-zwischen-dis-sensors-und-stigab\/\">Gemeinsame Werte: die Grundlage der Partnerschaft zwischen DIS Sensors und STIGAB<\/a><\/h3><p class=\"pf-excerpt\">Seit 2018 pflegen DIS Sensors und STIGAB eine starke und fruchtbare Zusammenarbeit. Ihre gemeinsamen Werte und ihr gegenseitiger Respekt unterstreichen die St\u00e4rke einer Zusammenarbeit mit gemeinsamen Zielen. Ihre Partnerschaft begann mit einer einfachen, aber bedeutungsvollen Begegnung auf der SPS-Messe in...<\/p><\/article><article class=\"pf-shadow\"><a class=\"pf-thumbnail\" href=\"https:\/\/dis-sensors.com\/de\/klantcases\/3-schluesselfaktoren-fuer-die-erfolgreiche-zusammenarbeit-zwischen-dis-sensors-und-leue-sensorics\/\"><img decoding=\"async\" src=\"https:\/\/dis-sensors.com\/wp-content\/uploads\/Leue_Sensorics_gros_RGB.png\" alt=\"\"><\/a><p class=\"pf-thema\">Erfolgsgeschichte<\/p><h3><a href=\"https:\/\/dis-sensors.com\/de\/klantcases\/3-schluesselfaktoren-fuer-die-erfolgreiche-zusammenarbeit-zwischen-dis-sensors-und-leue-sensorics\/\">3 Schl\u00fcsselfaktoren f\u00fcr die erfolgreiche Zusammenarbeit zwischen DIS Sensors und Leue Sensorics<\/a><\/h3><p class=\"pf-excerpt\">Starke Partnerschaften sind der Schl\u00fcssel zur Bereitstellung hochwertiger, ma\u00dfgeschneiderter L\u00f6sungen auf dem schnelllebigen und wettbewerbsintensiven Markt von heute. Leue Sensorics, ein auf mobile Maschinenanwendungen spezialisierter Distributor, hat in DIS Sensors den perfekten Partner gefunden. Ihre Zusammenarbeit unterstreicht die Bedeutung enger...<\/p><\/article><\/div><\/div>\n\t\t\t\t\t\t<\/div>\n\t\t\t\t<\/div>\n\t\t\t\t\t<\/div>\n\t\t\t\t<\/div>\n\t\t\t\t<\/div>\n\t\t","protected":false},"excerpt":{"rendered":"<p>Kundenf\u00e4lle<\/p>\n","protected":false},"author":2,"featured_media":6136,"parent":0,"menu_order":0,"comment_status":"closed","ping_status":"closed","template":"","meta":{"_acf_changed":false,"inline_featured_image":false,"footnotes":""},"categories":[],"tags":[],"class_list":["post-12790","page","type-page","status-publish","has-post-thumbnail","hentry"],"acf":[],"yoast_head":"<!-- This site is optimized with the Yoast SEO plugin v27.4 - https:\/\/yoast.com\/product\/yoast-seo-wordpress\/ -->\n<title>Klantcase - Overview - DIS Sensors<\/title>\n<meta name=\"robots\" content=\"index, follow, max-snippet:-1, max-image-preview:large, max-video-preview:-1\" \/>\n<link rel=\"canonical\" href=\"https:\/\/dis-sensors.com\/de\/klantcase-overview\/\" \/>\n<meta property=\"og:locale\" content=\"de_DE\" \/>\n<meta property=\"og:type\" content=\"article\" \/>\n<meta property=\"og:title\" content=\"Klantcase - Overview - DIS Sensors\" \/>\n<meta property=\"og:description\" content=\"Kundenf\u00e4lle\" \/>\n<meta property=\"og:url\" content=\"https:\/\/dis-sensors.com\/de\/klantcase-overview\/\" \/>\n<meta property=\"og:site_name\" content=\"DIS Sensors\" \/>\n<meta property=\"article:modified_time\" content=\"2025-08-22T07:30:51+00:00\" \/>\n<meta property=\"og:image\" content=\"https:\/\/dis-sensors.com\/wp-content\/uploads\/Insight-Header.jpg\" \/>\n\t<meta property=\"og:image:width\" content=\"1201\" \/>\n\t<meta property=\"og:image:height\" content=\"629\" \/>\n\t<meta property=\"og:image:type\" content=\"image\/jpeg\" \/>\n<meta name=\"twitter:card\" content=\"summary_large_image\" \/>\n<script type=\"application\/ld+json\" class=\"yoast-schema-graph\">{\"@context\":\"https:\\\/\\\/schema.org\",\"@graph\":[{\"@type\":\"WebPage\",\"@id\":\"https:\\\/\\\/dis-sensors.com\\\/de\\\/klantcase-overview\\\/\",\"url\":\"https:\\\/\\\/dis-sensors.com\\\/de\\\/klantcase-overview\\\/\",\"name\":\"Klantcase - Overview - DIS Sensors\",\"isPartOf\":{\"@id\":\"https:\\\/\\\/dis-sensors.com\\\/de\\\/#website\"},\"primaryImageOfPage\":{\"@id\":\"https:\\\/\\\/dis-sensors.com\\\/de\\\/klantcase-overview\\\/#primaryimage\"},\"image\":{\"@id\":\"https:\\\/\\\/dis-sensors.com\\\/de\\\/klantcase-overview\\\/#primaryimage\"},\"thumbnailUrl\":\"https:\\\/\\\/dis-sensors.com\\\/wp-content\\\/uploads\\\/Insight-Header.jpg\",\"datePublished\":\"2024-11-29T10:40:10+00:00\",\"dateModified\":\"2025-08-22T07:30:51+00:00\",\"breadcrumb\":{\"@id\":\"https:\\\/\\\/dis-sensors.com\\\/de\\\/klantcase-overview\\\/#breadcrumb\"},\"inLanguage\":\"de\",\"potentialAction\":[{\"@type\":\"ReadAction\",\"target\":[\"https:\\\/\\\/dis-sensors.com\\\/de\\\/klantcase-overview\\\/\"]}]},{\"@type\":\"ImageObject\",\"inLanguage\":\"de\",\"@id\":\"https:\\\/\\\/dis-sensors.com\\\/de\\\/klantcase-overview\\\/#primaryimage\",\"url\":\"https:\\\/\\\/dis-sensors.com\\\/wp-content\\\/uploads\\\/Insight-Header.jpg\",\"contentUrl\":\"https:\\\/\\\/dis-sensors.com\\\/wp-content\\\/uploads\\\/Insight-Header.jpg\",\"width\":1201,\"height\":629},{\"@type\":\"BreadcrumbList\",\"@id\":\"https:\\\/\\\/dis-sensors.com\\\/de\\\/klantcase-overview\\\/#breadcrumb\",\"itemListElement\":[{\"@type\":\"ListItem\",\"position\":1,\"name\":\"Home\",\"item\":\"https:\\\/\\\/dis-sensors.com\\\/nl\\\/\"},{\"@type\":\"ListItem\",\"position\":2,\"name\":\"Klantcase &#8211; Overview\"}]},{\"@type\":\"WebSite\",\"@id\":\"https:\\\/\\\/dis-sensors.com\\\/de\\\/#website\",\"url\":\"https:\\\/\\\/dis-sensors.com\\\/de\\\/\",\"name\":\"DIS Sensors\",\"description\":\"Your Partner in Advanced Sensor Solutions\",\"publisher\":{\"@id\":\"https:\\\/\\\/dis-sensors.com\\\/de\\\/#organization\"},\"potentialAction\":[{\"@type\":\"SearchAction\",\"target\":{\"@type\":\"EntryPoint\",\"urlTemplate\":\"https:\\\/\\\/dis-sensors.com\\\/de\\\/?s={search_term_string}\"},\"query-input\":{\"@type\":\"PropertyValueSpecification\",\"valueRequired\":true,\"valueName\":\"search_term_string\"}}],\"inLanguage\":\"de\"},{\"@type\":\"Organization\",\"@id\":\"https:\\\/\\\/dis-sensors.com\\\/de\\\/#organization\",\"name\":\"DIS Sensors\",\"url\":\"https:\\\/\\\/dis-sensors.com\\\/de\\\/\",\"logo\":{\"@type\":\"ImageObject\",\"inLanguage\":\"de\",\"@id\":\"https:\\\/\\\/dis-sensors.com\\\/de\\\/#\\\/schema\\\/logo\\\/image\\\/\",\"url\":\"https:\\\/\\\/dis-sensors.com\\\/wp-content\\\/uploads\\\/DIS-Sensors-logo.svg\",\"contentUrl\":\"https:\\\/\\\/dis-sensors.com\\\/wp-content\\\/uploads\\\/DIS-Sensors-logo.svg\",\"width\":136,\"height\":72,\"caption\":\"DIS Sensors\"},\"image\":{\"@id\":\"https:\\\/\\\/dis-sensors.com\\\/de\\\/#\\\/schema\\\/logo\\\/image\\\/\"}}]}<\/script>\n<!-- \/ Yoast SEO plugin. -->","yoast_head_json":{"title":"Klantcase - Overview - DIS Sensors","robots":{"index":"index","follow":"follow","max-snippet":"max-snippet:-1","max-image-preview":"max-image-preview:large","max-video-preview":"max-video-preview:-1"},"canonical":"https:\/\/dis-sensors.com\/de\/klantcase-overview\/","og_locale":"de_DE","og_type":"article","og_title":"Klantcase - Overview - DIS Sensors","og_description":"Kundenf\u00e4lle","og_url":"https:\/\/dis-sensors.com\/de\/klantcase-overview\/","og_site_name":"DIS Sensors","article_modified_time":"2025-08-22T07:30:51+00:00","og_image":[{"width":1201,"height":629,"url":"https:\/\/dis-sensors.com\/wp-content\/uploads\/Insight-Header.jpg","type":"image\/jpeg"}],"twitter_card":"summary_large_image","schema":{"@context":"https:\/\/schema.org","@graph":[{"@type":"WebPage","@id":"https:\/\/dis-sensors.com\/de\/klantcase-overview\/","url":"https:\/\/dis-sensors.com\/de\/klantcase-overview\/","name":"Klantcase - Overview - DIS Sensors","isPartOf":{"@id":"https:\/\/dis-sensors.com\/de\/#website"},"primaryImageOfPage":{"@id":"https:\/\/dis-sensors.com\/de\/klantcase-overview\/#primaryimage"},"image":{"@id":"https:\/\/dis-sensors.com\/de\/klantcase-overview\/#primaryimage"},"thumbnailUrl":"https:\/\/dis-sensors.com\/wp-content\/uploads\/Insight-Header.jpg","datePublished":"2024-11-29T10:40:10+00:00","dateModified":"2025-08-22T07:30:51+00:00","breadcrumb":{"@id":"https:\/\/dis-sensors.com\/de\/klantcase-overview\/#breadcrumb"},"inLanguage":"de","potentialAction":[{"@type":"ReadAction","target":["https:\/\/dis-sensors.com\/de\/klantcase-overview\/"]}]},{"@type":"ImageObject","inLanguage":"de","@id":"https:\/\/dis-sensors.com\/de\/klantcase-overview\/#primaryimage","url":"https:\/\/dis-sensors.com\/wp-content\/uploads\/Insight-Header.jpg","contentUrl":"https:\/\/dis-sensors.com\/wp-content\/uploads\/Insight-Header.jpg","width":1201,"height":629},{"@type":"BreadcrumbList","@id":"https:\/\/dis-sensors.com\/de\/klantcase-overview\/#breadcrumb","itemListElement":[{"@type":"ListItem","position":1,"name":"Home","item":"https:\/\/dis-sensors.com\/nl\/"},{"@type":"ListItem","position":2,"name":"Klantcase &#8211; Overview"}]},{"@type":"WebSite","@id":"https:\/\/dis-sensors.com\/de\/#website","url":"https:\/\/dis-sensors.com\/de\/","name":"DIS Sensors","description":"Your Partner in Advanced Sensor Solutions","publisher":{"@id":"https:\/\/dis-sensors.com\/de\/#organization"},"potentialAction":[{"@type":"SearchAction","target":{"@type":"EntryPoint","urlTemplate":"https:\/\/dis-sensors.com\/de\/?s={search_term_string}"},"query-input":{"@type":"PropertyValueSpecification","valueRequired":true,"valueName":"search_term_string"}}],"inLanguage":"de"},{"@type":"Organization","@id":"https:\/\/dis-sensors.com\/de\/#organization","name":"DIS Sensors","url":"https:\/\/dis-sensors.com\/de\/","logo":{"@type":"ImageObject","inLanguage":"de","@id":"https:\/\/dis-sensors.com\/de\/#\/schema\/logo\/image\/","url":"https:\/\/dis-sensors.com\/wp-content\/uploads\/DIS-Sensors-logo.svg","contentUrl":"https:\/\/dis-sensors.com\/wp-content\/uploads\/DIS-Sensors-logo.svg","width":136,"height":72,"caption":"DIS Sensors"},"image":{"@id":"https:\/\/dis-sensors.com\/de\/#\/schema\/logo\/image\/"}}]}},"_links":{"self":[{"href":"https:\/\/dis-sensors.com\/de\/wp-json\/wp\/v2\/pages\/12790","targetHints":{"allow":["GET"]}}],"collection":[{"href":"https:\/\/dis-sensors.com\/de\/wp-json\/wp\/v2\/pages"}],"about":[{"href":"https:\/\/dis-sensors.com\/de\/wp-json\/wp\/v2\/types\/page"}],"author":[{"embeddable":true,"href":"https:\/\/dis-sensors.com\/de\/wp-json\/wp\/v2\/users\/2"}],"replies":[{"embeddable":true,"href":"https:\/\/dis-sensors.com\/de\/wp-json\/wp\/v2\/comments?post=12790"}],"version-history":[{"count":5,"href":"https:\/\/dis-sensors.com\/de\/wp-json\/wp\/v2\/pages\/12790\/revisions"}],"predecessor-version":[{"id":13386,"href":"https:\/\/dis-sensors.com\/de\/wp-json\/wp\/v2\/pages\/12790\/revisions\/13386"}],"wp:featuredmedia":[{"embeddable":true,"href":"https:\/\/dis-sensors.com\/de\/wp-json\/wp\/v2\/media\/6136"}],"wp:attachment":[{"href":"https:\/\/dis-sensors.com\/de\/wp-json\/wp\/v2\/media?parent=12790"}],"wp:term":[{"taxonomy":"category","embeddable":true,"href":"https:\/\/dis-sensors.com\/de\/wp-json\/wp\/v2\/categories?post=12790"},{"taxonomy":"post_tag","embeddable":true,"href":"https:\/\/dis-sensors.com\/de\/wp-json\/wp\/v2\/tags?post=12790"}],"curies":[{"name":"wp","href":"https:\/\/api.w.org\/{rel}","templated":true}]}}